{"id":4719,"date":"2026-05-05T03:00:37","date_gmt":"2026-05-05T09:00:37","guid":{"rendered":"https:\/\/hipertermiaclinica.com\/?page_id=4719"},"modified":"2026-05-05T03:06:10","modified_gmt":"2026-05-05T09:06:10","slug":"terapia-metabolica-funcional-4hc","status":"publish","type":"page","link":"https:\/\/hipertermiaclinica.com\/en\/terapia-metabolica-funcional-4hc\/","title":{"rendered":"Terapia Metab\u00f3lica Funcional 4HC"},"content":{"rendered":"<div data-elementor-type=\"wp-page\" data-elementor-id=\"4719\" class=\"elementor elementor-4719\" data-elementor-post-type=\"page\">\n\t\t\t\t<div class=\"elementor-element elementor-element-5ef80c9b e-flex e-con-boxed e-con e-parent\" data-id=\"5ef80c9b\" data-element_type=\"container\" data-e-type=\"container\" data-settings=\"{&quot;ekit_has_onepagescroll_dot&quot;:&quot;yes&quot;}\">\n\t\t\t\t\t<div class=\"e-con-inner\">\n\t\t\t\t<div class=\"elementor-element elementor-element-3ac6220 elementor-widget elementor-widget-heading\" data-id=\"3ac6220\" data-element_type=\"widget\" data-e-type=\"widget\" data-settings=\"{&quot;ekit_we_effect_on&quot;:&quot;none&quot;}\" data-widget_type=\"heading.default\">\n\t\t\t\t<div class=\"elementor-widget-container\">\n\t\t\t\t\t<h2 class=\"elementor-heading-title elementor-size-default\">Terapia Metab\u00f3lica<\/h2>\t\t\t\t<\/div>\n\t\t\t\t<\/div>\n\t\t\t\t\t<\/div>\n\t\t\t\t<\/div>\n\t\t<div class=\"elementor-element elementor-element-e25dae7 e-flex e-con-boxed e-con e-parent\" data-id=\"e25dae7\" data-element_type=\"container\" data-e-type=\"container\" data-settings=\"{&quot;ekit_has_onepagescroll_dot&quot;:&quot;yes&quot;}\">\n\t\t\t\t\t<div class=\"e-con-inner\">\n\t\t\t\t<div class=\"elementor-element elementor-element-899c45e elementor-widget elementor-widget-heading\" data-id=\"899c45e\" data-element_type=\"widget\" data-e-type=\"widget\" data-settings=\"{&quot;ekit_we_effect_on&quot;:&quot;none&quot;}\" data-widget_type=\"heading.default\">\n\t\t\t\t<div class=\"elementor-widget-container\">\n\t\t\t\t\t<h2 class=\"elementor-heading-title elementor-size-default\">FUNCIONAL<\/h2>\t\t\t\t<\/div>\n\t\t\t\t<\/div>\n\t\t\t\t<div class=\"elementor-element elementor-element-ed018a5 elementor-absolute elementor-widget elementor-widget-button\" data-id=\"ed018a5\" data-element_type=\"widget\" data-e-type=\"widget\" data-settings=\"{&quot;_position&quot;:&quot;absolute&quot;,&quot;ekit_we_effect_on&quot;:&quot;none&quot;}\" data-widget_type=\"button.default\">\n\t\t\t\t<div class=\"elementor-widget-container\">\n\t\t\t\t\t\t\t\t\t<div class=\"elementor-button-wrapper\">\n\t\t\t\t\t<a class=\"elementor-button elementor-button-link elementor-size-sm elementor-animation-grow\" href=\"https:\/\/wa.me\/message\/CDMWUXS3TSDCG1\" target=\"_blank\" rel=\"noopener\">\n\t\t\t\t\t\t<span class=\"elementor-button-content-wrapper\">\n\t\t\t\t\t\t\t\t\t<span class=\"elementor-button-text\">Agenda tu cita<\/span>\n\t\t\t\t\t<\/span>\n\t\t\t\t\t<\/a>\n\t\t\t\t<\/div>\n\t\t\t\t\t\t\t\t<\/div>\n\t\t\t\t<\/div>\n\t\t\t\t<div class=\"elementor-element elementor-element-89d6560 elementor-absolute elementor-widget elementor-widget-button\" data-id=\"89d6560\" data-element_type=\"widget\" data-e-type=\"widget\" data-settings=\"{&quot;_position&quot;:&quot;absolute&quot;,&quot;ekit_we_effect_on&quot;:&quot;none&quot;}\" data-widget_type=\"button.default\">\n\t\t\t\t<div class=\"elementor-widget-container\">\n\t\t\t\t\t\t\t\t\t<div class=\"elementor-button-wrapper\">\n\t\t\t\t\t<a class=\"elementor-button elementor-button-link elementor-size-sm elementor-animation-grow\" href=\"https:\/\/wa.me\/message\/CDMWUXS3TSDCG1\" target=\"_blank\" rel=\"noopener\">\n\t\t\t\t\t\t<span class=\"elementor-button-content-wrapper\">\n\t\t\t\t\t\t\t\t\t<span class=\"elementor-button-text\">Agenda tu cita<\/span>\n\t\t\t\t\t<\/span>\n\t\t\t\t\t<\/a>\n\t\t\t\t<\/div>\n\t\t\t\t\t\t\t\t<\/div>\n\t\t\t\t<\/div>\n\t\t\t\t<div class=\"elementor-element elementor-element-38f3c35 elementor-absolute elementor-widget elementor-widget-button\" data-id=\"38f3c35\" data-element_type=\"widget\" data-e-type=\"widget\" data-settings=\"{&quot;_position&quot;:&quot;absolute&quot;,&quot;ekit_we_effect_on&quot;:&quot;none&quot;}\" data-widget_type=\"button.default\">\n\t\t\t\t<div class=\"elementor-widget-container\">\n\t\t\t\t\t\t\t\t\t<div class=\"elementor-button-wrapper\">\n\t\t\t\t\t<a class=\"elementor-button elementor-button-link elementor-size-sm elementor-animation-grow\" href=\"https:\/\/wa.me\/message\/CDMWUXS3TSDCG1\" target=\"_blank\" rel=\"noopener\">\n\t\t\t\t\t\t<span class=\"elementor-button-content-wrapper\">\n\t\t\t\t\t\t\t\t\t<span class=\"elementor-button-text\">Agenda tu cita<\/span>\n\t\t\t\t\t<\/span>\n\t\t\t\t\t<\/a>\n\t\t\t\t<\/div>\n\t\t\t\t\t\t\t\t<\/div>\n\t\t\t\t<\/div>\n\t\t<div class=\"elementor-element elementor-element-d0bae2b e-grid e-con-full e-con e-child\" data-id=\"d0bae2b\" data-element_type=\"container\" data-e-type=\"container\" data-settings=\"{&quot;ekit_has_onepagescroll_dot&quot;:&quot;yes&quot;}\">\n\t\t\t\t<div class=\"elementor-element elementor-element-515adfc elementor-widget elementor-widget-image\" data-id=\"515adfc\" data-element_type=\"widget\" data-e-type=\"widget\" data-settings=\"{&quot;ekit_we_effect_on&quot;:&quot;none&quot;}\" data-widget_type=\"image.default\">\n\t\t\t\t<div class=\"elementor-widget-container\">\n\t\t\t\t\t\t\t\t\t\t\t\t\t\t\t\t<a href=\"https:\/\/wa.me\/message\/CDMWUXS3TSDCG1\" target=\"_blank\" rel=\"noopener\">\n\t\t\t\t\t\t\t<img fetchpriority=\"high\" decoding=\"async\" width=\"542\" height=\"542\" src=\"https:\/\/hipertermiaclinica.com\/wp-content\/uploads\/2026\/03\/Biorresonancia-Imagen.png\" class=\"attachment-medium_large size-medium_large wp-image-4964\" alt=\"Clinica de Hipertemia Superior, SHT\" srcset=\"https:\/\/hipertermiaclinica.com\/wp-content\/uploads\/2026\/03\/Biorresonancia-Imagen.png 542w, https:\/\/hipertermiaclinica.com\/wp-content\/uploads\/2026\/03\/Biorresonancia-Imagen-300x300.png 300w, https:\/\/hipertermiaclinica.com\/wp-content\/uploads\/2026\/03\/Biorresonancia-Imagen-150x150.png 150w, https:\/\/hipertermiaclinica.com\/wp-content\/uploads\/2026\/03\/Biorresonancia-Imagen-12x12.png 12w\" sizes=\"(max-width: 542px) 100vw, 542px\" title=\"Superior Hypertemia Clinic, SHT\">\t\t\t\t\t\t\t\t<\/a>\n\t\t\t\t\t\t\t\t\t\t\t\t\t\t\t<\/div>\n\t\t\t\t<\/div>\n\t\t\t\t<div class=\"elementor-element elementor-element-dd88a5f elementor-widget elementor-widget-image\" data-id=\"dd88a5f\" data-element_type=\"widget\" data-e-type=\"widget\" data-settings=\"{&quot;ekit_we_effect_on&quot;:&quot;none&quot;}\" data-widget_type=\"image.default\">\n\t\t\t\t<div class=\"elementor-widget-container\">\n\t\t\t\t\t\t\t\t\t\t\t\t\t\t\t<img decoding=\"async\" width=\"533\" height=\"519\" src=\"https:\/\/hipertermiaclinica.com\/wp-content\/uploads\/2026\/03\/Biorresonancia.png\" class=\"attachment-large size-large wp-image-4965\" alt=\"Escaner por Biorresonancia: Tecnolog\u00eda que detecta desequilibrios antes de que se vuelvan enfermedad.\" srcset=\"https:\/\/hipertermiaclinica.com\/wp-content\/uploads\/2026\/03\/Biorresonancia.png 533w, https:\/\/hipertermiaclinica.com\/wp-content\/uploads\/2026\/03\/Biorresonancia-300x292.png 300w, https:\/\/hipertermiaclinica.com\/wp-content\/uploads\/2026\/03\/Biorresonancia-12x12.png 12w\" sizes=\"(max-width: 533px) 100vw, 533px\" title=\"Superior Hypertemia Clinic, SHT\">\t\t\t\t\t\t\t\t\t\t\t\t\t\t\t<\/div>\n\t\t\t\t<\/div>\n\t\t\t\t<div class=\"elementor-element elementor-element-e937c91 elementor-widget elementor-widget-image\" data-id=\"e937c91\" data-element_type=\"widget\" data-e-type=\"widget\" data-settings=\"{&quot;ekit_we_effect_on&quot;:&quot;none&quot;}\" data-widget_type=\"image.default\">\n\t\t\t\t<div class=\"elementor-widget-container\">\n\t\t\t\t\t\t\t\t\t\t\t\t\t\t\t<img decoding=\"async\" width=\"530\" height=\"535\" src=\"https:\/\/hipertermiaclinica.com\/wp-content\/uploads\/2026\/03\/Hidrogeno-molecular.png\" class=\"attachment-large size-large wp-image-4966\" alt=\"Hidr\u00f3geno molecular: Un antioxidante que reduce inflamaci\u00f3n y aumenta tu energ\u00eda.\" srcset=\"https:\/\/hipertermiaclinica.com\/wp-content\/uploads\/2026\/03\/Hidrogeno-molecular.png 530w, https:\/\/hipertermiaclinica.com\/wp-content\/uploads\/2026\/03\/Hidrogeno-molecular-297x300.png 297w, https:\/\/hipertermiaclinica.com\/wp-content\/uploads\/2026\/03\/Hidrogeno-molecular-150x150.png 150w, https:\/\/hipertermiaclinica.com\/wp-content\/uploads\/2026\/03\/Hidrogeno-molecular-12x12.png 12w\" sizes=\"(max-width: 530px) 100vw, 530px\" title=\"Superior Hypertemia Clinic, SHT\">\t\t\t\t\t\t\t\t\t\t\t\t\t\t\t<\/div>\n\t\t\t\t<\/div>\n\t\t\t\t<div class=\"elementor-element elementor-element-295ea46 elementor-widget elementor-widget-image\" data-id=\"295ea46\" data-element_type=\"widget\" data-e-type=\"widget\" data-settings=\"{&quot;ekit_we_effect_on&quot;:&quot;none&quot;}\" data-widget_type=\"image.default\">\n\t\t\t\t<div class=\"elementor-widget-container\">\n\t\t\t\t\t\t\t\t\t\t\t\t\t\t\t\t<a href=\"https:\/\/wa.me\/message\/CDMWUXS3TSDCG1\" target=\"_blank\" rel=\"noopener\">\n\t\t\t\t\t\t\t<img loading=\"lazy\" decoding=\"async\" width=\"542\" height=\"542\" src=\"https:\/\/hipertermiaclinica.com\/wp-content\/uploads\/2026\/03\/Hidrogeno-molecular-Imagen.png\" class=\"attachment-large size-large wp-image-4967\" alt=\"mujer, joven, atl\u00e9tica, relajada y respirando tranquilamente, tomando nuestra terapia de Hidr\u00f3geno con unas c\u00e1nulas discretas.\" srcset=\"https:\/\/hipertermiaclinica.com\/wp-content\/uploads\/2026\/03\/Hidrogeno-molecular-Imagen.png 542w, https:\/\/hipertermiaclinica.com\/wp-content\/uploads\/2026\/03\/Hidrogeno-molecular-Imagen-300x300.png 300w, https:\/\/hipertermiaclinica.com\/wp-content\/uploads\/2026\/03\/Hidrogeno-molecular-Imagen-150x150.png 150w, https:\/\/hipertermiaclinica.com\/wp-content\/uploads\/2026\/03\/Hidrogeno-molecular-Imagen-12x12.png 12w\" sizes=\"(max-width: 542px) 100vw, 542px\" title=\"Superior Hypertemia Clinic, SHT\">\t\t\t\t\t\t\t\t<\/a>\n\t\t\t\t\t\t\t\t\t\t\t\t\t\t\t<\/div>\n\t\t\t\t<\/div>\n\t\t\t\t<div class=\"elementor-element elementor-element-58b6641 elementor-widget elementor-widget-image\" data-id=\"58b6641\" data-element_type=\"widget\" data-e-type=\"widget\" data-settings=\"{&quot;ekit_we_effect_on&quot;:&quot;none&quot;}\" data-widget_type=\"image.default\">\n\t\t\t\t<div class=\"elementor-widget-container\">\n\t\t\t\t\t\t\t\t\t\t\t\t\t\t\t\t<a href=\"https:\/\/wa.me\/message\/CDMWUXS3TSDCG1\" target=\"_blank\" rel=\"noopener\">\n\t\t\t\t\t\t\t<img loading=\"lazy\" decoding=\"async\" width=\"542\" height=\"542\" src=\"https:\/\/hipertermiaclinica.com\/wp-content\/uploads\/2026\/03\/Detox-Ionico-Imagen.png\" class=\"attachment-large size-large wp-image-4969\" alt=\"mujer colocando sus pies en una peque\u00f1a tina de ba\u00f1o ionico para pies. La mujer se ve tranquila, relajada, se nota que se siente mejor despues de tomar nuestra terapia D\u00e9tox.\" srcset=\"https:\/\/hipertermiaclinica.com\/wp-content\/uploads\/2026\/03\/Detox-Ionico-Imagen.png 542w, https:\/\/hipertermiaclinica.com\/wp-content\/uploads\/2026\/03\/Detox-Ionico-Imagen-300x300.png 300w, https:\/\/hipertermiaclinica.com\/wp-content\/uploads\/2026\/03\/Detox-Ionico-Imagen-150x150.png 150w, https:\/\/hipertermiaclinica.com\/wp-content\/uploads\/2026\/03\/Detox-Ionico-Imagen-12x12.png 12w\" sizes=\"(max-width: 542px) 100vw, 542px\" title=\"Superior Hypertemia Clinic, SHT\">\t\t\t\t\t\t\t\t<\/a>\n\t\t\t\t\t\t\t\t\t\t\t\t\t\t\t<\/div>\n\t\t\t\t<\/div>\n\t\t\t\t<div class=\"elementor-element elementor-element-bc23857 elementor-widget elementor-widget-image\" data-id=\"bc23857\" data-element_type=\"widget\" data-e-type=\"widget\" data-settings=\"{&quot;ekit_we_effect_on&quot;:&quot;none&quot;}\" data-widget_type=\"image.default\">\n\t\t\t\t<div class=\"elementor-widget-container\">\n\t\t\t\t\t\t\t\t\t\t\t\t\t\t\t<img loading=\"lazy\" decoding=\"async\" width=\"506\" height=\"508\" src=\"https:\/\/hipertermiaclinica.com\/wp-content\/uploads\/2026\/03\/Detox-Ionico.png\" class=\"attachment-large size-large wp-image-4968\" alt=\"Detox I\u00f3nico: Tecnolog\u00eda que detecta desequilibrios antes de que se vuelvan enfermedad.\" srcset=\"https:\/\/hipertermiaclinica.com\/wp-content\/uploads\/2026\/03\/Detox-Ionico.png 506w, https:\/\/hipertermiaclinica.com\/wp-content\/uploads\/2026\/03\/Detox-Ionico-300x300.png 300w, https:\/\/hipertermiaclinica.com\/wp-content\/uploads\/2026\/03\/Detox-Ionico-150x150.png 150w, https:\/\/hipertermiaclinica.com\/wp-content\/uploads\/2026\/03\/Detox-Ionico-12x12.png 12w\" sizes=\"(max-width: 506px) 100vw, 506px\" title=\"Superior Hypertemia Clinic, SHT\">\t\t\t\t\t\t\t\t\t\t\t\t\t\t\t<\/div>\n\t\t\t\t<\/div>\n\t\t\t\t<\/div>\n\t\t\t\t\t<\/div>\n\t\t\t\t<\/div>\n\t\t<div class=\"elementor-element elementor-element-ecc5e3a e-flex e-con-boxed e-con e-parent\" data-id=\"ecc5e3a\" data-element_type=\"container\" data-e-type=\"container\" data-settings=\"{&quot;ekit_has_onepagescroll_dot&quot;:&quot;yes&quot;}\">\n\t\t\t\t\t<div class=\"e-con-inner\">\n\t\t\t\t<div class=\"elementor-element elementor-element-e3aa39c elementor-align-center elementor-widget elementor-widget-button\" data-id=\"e3aa39c\" data-element_type=\"widget\" data-e-type=\"widget\" data-settings=\"{&quot;ekit_we_effect_on&quot;:&quot;none&quot;}\" data-widget_type=\"button.default\">\n\t\t\t\t<div class=\"elementor-widget-container\">\n\t\t\t\t\t\t\t\t\t<div class=\"elementor-button-wrapper\">\n\t\t\t\t\t<a class=\"elementor-button elementor-button-link elementor-size-sm elementor-animation-grow\" href=\"https:\/\/hipertermiaclinica.com\/en\/terapia-de-hipertermia-superior\/\">\n\t\t\t\t\t\t<span class=\"elementor-button-content-wrapper\">\n\t\t\t\t\t\t\t\t\t<span class=\"elementor-button-text\">M\u00e1s Informaci\u00f3n<\/span>\n\t\t\t\t\t<\/span>\n\t\t\t\t\t<\/a>\n\t\t\t\t<\/div>\n\t\t\t\t\t\t\t\t<\/div>\n\t\t\t\t<\/div>\n\t\t\t\t\t<\/div>\n\t\t\t\t<\/div>\n\t\t\t\t<\/div>","protected":false},"excerpt":{"rendered":"<p>Conoce la Terapia Metab\u00f3lica Funcional y recupera tu energ\u00eda y bienestar. Centro especializado en biorresonancia, hidr\u00f3geno molecular y detox i\u00f3nico en Ciudad de M\u00e9xico. <\/p>","protected":false},"author":28,"featured_media":5075,"parent":0,"menu_order":0,"comment_status":"closed","ping_status":"closed","template":"","meta":{"footnotes":""},"class_list":["post-4719","page","type-page","status-publish","has-post-thumbnail","hentry"],"_links":{"self":[{"href":"https:\/\/hipertermiaclinica.com\/en\/wp-json\/wp\/v2\/pages\/4719","targetHints":{"allow":["GET"]}}],"collection":[{"href":"https:\/\/hipertermiaclinica.com\/en\/wp-json\/wp\/v2\/pages"}],"about":[{"href":"https:\/\/hipertermiaclinica.com\/en\/wp-json\/wp\/v2\/types\/page"}],"author":[{"embeddable":true,"href":"https:\/\/hipertermiaclinica.com\/en\/wp-json\/wp\/v2\/users\/28"}],"replies":[{"embeddable":true,"href":"https:\/\/hipertermiaclinica.com\/en\/wp-json\/wp\/v2\/comments?post=4719"}],"version-history":[{"count":17,"href":"https:\/\/hipertermiaclinica.com\/en\/wp-json\/wp\/v2\/pages\/4719\/revisions"}],"predecessor-version":[{"id":5085,"href":"https:\/\/hipertermiaclinica.com\/en\/wp-json\/wp\/v2\/pages\/4719\/revisions\/5085"}],"wp:featuredmedia":[{"embeddable":true,"href":"https:\/\/hipertermiaclinica.com\/en\/wp-json\/wp\/v2\/media\/5075"}],"wp:attachment":[{"href":"https:\/\/hipertermiaclinica.com\/en\/wp-json\/wp\/v2\/media?parent=4719"}],"curies":[{"name":"wp","href":"https:\/\/api.w.org\/{rel}","templated":true}]}}