{"id":3,"date":"2024-04-15T03:58:30","date_gmt":"2024-04-15T03:58:30","guid":{"rendered":"https:\/\/hipertermiaclinica.com\/?page_id=3"},"modified":"2024-09-28T23:56:03","modified_gmt":"2024-09-29T05:56:03","slug":"politicas-y-aviso-de-privacidad","status":"publish","type":"page","link":"https:\/\/hipertermiaclinica.com\/en\/politicas-y-aviso-de-privacidad\/","title":{"rendered":"Policies and Privacy Notice"},"content":{"rendered":"<div data-elementor-type=\"wp-page\" data-elementor-id=\"3\" class=\"elementor elementor-3\" data-elementor-post-type=\"page\">\n\t\t\t\t<div class=\"elementor-element elementor-element-4672cb0 e-flex e-con-boxed e-con e-parent\" data-id=\"4672cb0\" data-element_type=\"container\" data-e-type=\"container\" data-settings=\"{&quot;ekit_has_onepagescroll_dot&quot;:&quot;yes&quot;}\">\n\t\t\t\t\t<div class=\"e-con-inner\">\n\t\t<div class=\"elementor-element elementor-element-fd75a7b e-con-full e-flex e-con e-child\" data-id=\"fd75a7b\" data-element_type=\"container\" data-e-type=\"container\" data-settings=\"{&quot;ekit_has_onepagescroll_dot&quot;:&quot;yes&quot;}\">\n\t\t\t\t<div class=\"elementor-element elementor-element-2a66360 elementor-widget elementor-widget-heading\" data-id=\"2a66360\" data-element_type=\"widget\" data-e-type=\"widget\" data-settings=\"{&quot;ekit_we_effect_on&quot;:&quot;none&quot;}\" data-widget_type=\"heading.default\">\n\t\t\t\t<div class=\"elementor-widget-container\">\n\t\t\t\t\t<h2 class=\"elementor-heading-title elementor-size-default\">Policies and Privacy Notice<\/h2>\t\t\t\t<\/div>\n\t\t\t\t<\/div>\n\t\t\t\t<\/div>\n\t\t\t\t<div class=\"elementor-element elementor-element-636f5d5f elementor-widget elementor-widget-text-editor\" data-id=\"636f5d5f\" data-element_type=\"widget\" data-e-type=\"widget\" data-settings=\"{&quot;ekit_we_effect_on&quot;:&quot;none&quot;}\" data-widget_type=\"text-editor.default\">\n\t\t\t\t<div class=\"elementor-widget-container\">\n\t\t\t\t\t\t\t\t\t<p><\/p>\n<p><span style=\"color: #000000;\"><b>Identidad y Domicilio del Responsable<\/b><\/span><\/p>\n<p><span style=\"font-weight: 400; color: #000000;\">Terapia de Hipertermia Superior A.C., con domicilio en Calle Montecito #38, Piso 10 Oficina 32, Colonia N\u00e1poles, Benito Ju\u00e1rez, Ciudad de M\u00e9xico, CP 03819, es responsable del tratamiento de sus datos personales conforme a lo dispuesto por la Ley Federal de Protecci\u00f3n de Datos Personales en Posesi\u00f3n de los Particulares (LFPDPPP).<\/span><\/p>\n<p><\/p>\n<h3 class=\"wp-block-heading\"><span style=\"color: #000000;\">Aviso de privacidad<\/span><\/h3>\n<p><span style=\"color: #000000;\"><b>Datos Personales Recabados<\/b><\/span><\/p>\n<p><span style=\"font-weight: 400; color: #000000;\">Recabamos informaci\u00f3n personal a trav\u00e9s de distintos medios, incluyendo nuestro cuestionario inicial en l\u00ednea y los formatos llenados al llegar al consultorio. Los datos personales que podemos solicitar incluyen, pero no se limitan a:<\/span><\/p>\n<ul>\n<li><span style=\"font-weight: 400; color: #000000;\">Nombre completo<\/span><\/li>\n<li><span style=\"font-weight: 400; color: #000000;\">Direcci\u00f3n<\/span><\/li>\n<li><span style=\"font-weight: 400; color: #000000;\">Tel\u00e9fono<\/span><\/li>\n<li><span style=\"font-weight: 400; color: #000000;\">Correo electr\u00f3nico<\/span><\/li>\n<li><span style=\"font-weight: 400; color: #000000;\">Informaci\u00f3n m\u00e9dica relevante<\/span><\/li>\n<li><span style=\"font-weight: 400; color: #000000;\">Historial cl\u00ednico<\/span><\/li>\n<li><span style=\"font-weight: 400; color: #000000;\">Datos de pago<\/span><\/li>\n<\/ul>\n<p><span style=\"color: #000000;\"><b style=\"font-family: var( --e-global-typography-text-font-family ), Sans-serif; text-align: var(--text-align); font-size: 1rem;\"><br>Finalidad del Tratamiento de Datos<\/b><\/span><\/p>\n<p><span style=\"font-weight: 400; color: #000000;\">Los datos personales que recabamos ser\u00e1n utilizados para las siguientes finalidades primarias:<\/span><\/p>\n<ul>\n<li><span style=\"font-weight: 400; color: #000000;\">Proveer los servicios de terapia de hipertermia superior.<\/span><\/li>\n<li><span style=\"font-weight: 400; color: #000000;\">Evaluar la calidad de nuestros servicios.<\/span><\/li>\n<li><span style=\"font-weight: 400; color: #000000;\">Dar seguimiento a su tratamiento m\u00e9dico.<\/span><\/li>\n<li><span style=\"font-weight: 400; color: #000000;\">Contactarlo para recordatorios de citas y env\u00edo de resultados.<\/span><\/li>\n<\/ul>\n<p><span style=\"font-weight: 400; color: #000000;\"><br>Asimismo, sus datos podr\u00e1n ser utilizados para las siguientes finalidades secundarias:<\/span><\/p>\n<ul>\n<li><span style=\"font-weight: 400; color: #000000;\">Env\u00edo de informaci\u00f3n promocional y publicitaria relacionada con nuestros servicios.<\/span><\/li>\n<li><span style=\"font-weight: 400; color: #000000;\">Elaboraci\u00f3n de estudios y reportes estad\u00edsticos internos.<\/span><\/li>\n<\/ul>\n<p><span style=\"font-weight: 400; color: #000000;\"><br>En caso de que no desee que sus datos sean tratados para las finalidades secundarias, puede manifestar su negativa desde este momento enviando un correo a info@hipertermiaclinica.com.<\/span><\/p>\n<p><span style=\"color: #000000;\"><b>Transferencias de Datos Personales<\/b><\/span><\/p>\n<p><span style=\"font-weight: 400; color: #000000;\">Sus datos personales pueden ser transferidos y tratados dentro y fuera del pa\u00eds, por personas distintas a esta empresa. En ese sentido, su informaci\u00f3n puede ser compartida con:<\/span><\/p>\n<ul>\n<li><span style=\"font-weight: 400; color: #000000;\">Proveedores de servicios m\u00e9dicos para la realizaci\u00f3n de estudios complementarios.<\/span><\/li>\n<li><span style=\"font-weight: 400; color: #000000;\">Autoridades competentes en cumplimiento de obligaciones legales.<\/span><\/li>\n<li><span style=\"font-weight: 400; color: #000000;\">Terceros que colaboren en la gesti\u00f3n de servicios administrativos.<\/span><\/li>\n<\/ul>\n<p><span style=\"font-weight: 400; color: #000000;\"><br>Estas transferencias se realizan bajo estrictas medidas de seguridad para garantizar la confidencialidad de sus datos.<\/span><\/p>\n<p><span style=\"color: #000000;\"><b>Derechos ARCO (Acceso, Rectificaci\u00f3n, Cancelaci\u00f3n y Oposici\u00f3n)<\/b><\/span><\/p>\n<p><span style=\"font-weight: 400; color: #000000;\">Usted tiene el derecho de conocer qu\u00e9 datos personales tenemos de usted, para qu\u00e9 los utilizamos y las condiciones del uso que les damos (Acceso). Asimismo, es su derecho solicitar la correcci\u00f3n de su informaci\u00f3n personal en caso de que est\u00e9 desactualizada, sea inexacta o incompleta (Rectificaci\u00f3n); que la eliminemos de nuestros registros o bases de datos cuando considere que la misma no est\u00e1 siendo utilizada adecuadamente (Cancelaci\u00f3n); as\u00ed como oponerse al uso de sus datos personales para fines espec\u00edficos (Oposici\u00f3n).<\/span><\/p>\n<p><span style=\"font-weight: 400; color: #000000;\"><br>Para el ejercicio de cualquiera de los derechos ARCO, puede presentar la solicitud respectiva a trav\u00e9s del correo electr\u00f3nico info@hipertermiaclinica.com o directamente en nuestro domicilio. La solicitud deber\u00e1 contener:<\/span><\/p>\n<ul>\n<li><span style=\"font-weight: 400; color: #000000;\">Nombre del titular.<\/span><\/li>\n<li><span style=\"font-weight: 400; color: #000000;\">Domicilio u otro medio para comunicarle la respuesta.<\/span><\/li>\n<li><span style=\"font-weight: 400; color: #000000;\">Los documentos que acrediten la identidad o, en su caso, la representaci\u00f3n legal del titular.<\/span><\/li>\n<li><span style=\"font-weight: 400; color: #000000;\">La descripci\u00f3n clara y precisa de los datos personales respecto de los que se busca ejercer alguno de los derechos antes mencionados.<\/span><\/li>\n<\/ul>\n<p><span style=\"color: #000000;\"><b><br>Cambios al Aviso de Privacidad<\/b><\/span><\/p>\n<p><span style=\"font-weight: 400; color: #000000;\">Nos reservamos el derecho de efectuar en cualquier momento modificaciones o actualizaciones al presente aviso de privacidad, para la atenci\u00f3n de novedades legislativas, pol\u00edticas internas o nuevos requerimientos para la prestaci\u00f3n u ofrecimiento de nuestros servicios. Estas modificaciones estar\u00e1n disponibles a trav\u00e9s de nuestra p\u00e1gina web www.hipertermiaclinica.com.<\/span><\/p>\n<p><span style=\"color: #000000;\"><b><br><\/b><strong>Consentimiento del Titular<\/strong><\/span><\/p>\n<p><span style=\"font-weight: 400; color: #000000;\">El titular de los datos personales manifiesta que ha le\u00eddo y entendido los t\u00e9rminos y condiciones expuestos en este aviso de privacidad y que otorga su consentimiento para el tratamiento de sus datos personales conforme a lo indicado en el presente.<br><\/span><\/p>\n<h4><span style=\"color: #000000;\"><strong><br><\/strong>Pol\u00edtica de Suspensi\u00f3n de Tratamiento y Uso de Sesiones Pendientes<\/span><\/h4><h4><strong style=\"font-family: var( --e-global-typography-text-font-family ), Sans-serif; text-align: var(--text-align); font-size: 1rem;\">1. No reembolso por suspensi\u00f3n del tratamiento:<\/strong><span style=\"font-family: var( --e-global-typography-text-font-family ), Sans-serif; font-weight: var( --e-global-typography-text-font-weight ); text-align: var(--text-align); font-size: 1rem;\"> En caso de que el paciente decida suspender su tratamiento, no se realizar\u00e1n reembolsos por las terapias pagadas y no utilizadas.<\/span><\/h4>\n<p><span style=\"color: #000000;\"><strong>2. Transferencia de sesiones:<\/strong> Las terapias que queden pendientes podr\u00e1n ser transferidas a un familiar directo (esposo\/a, hijos, padres o hermanos), siempre y cuando se notifique por escrito y se acepte por ambas partes.<\/span><\/p>\n<p><span style=\"color: #000000;\"><strong>3. Vigencia de las sesiones:<\/strong> Las terapias no utilizadas tendr\u00e1n una vigencia de 3 meses desde la fecha de suspensi\u00f3n del tratamiento. Pasado este periodo, las sesiones caducar\u00e1n y no podr\u00e1n reclamarse.<\/span><\/p>\n<p><span style=\"color: #000000;\"><strong>4. Proceso de transferencia:<\/strong> Para transferir las sesiones a un familiar directo, el paciente deber\u00e1 proporcionar la documentaci\u00f3n necesaria que acredite el parentesco, as\u00ed como un consentimiento por escrito.<\/span><\/p>\n<p><span style=\"color: #000000;\"><strong>5. Modificaciones y excepciones:<\/strong> el consultorio SHT se reserva el derecho de hacer modificaciones a estas pol\u00edticas en situaciones excepcionales o de fuerza mayor.<\/span><\/p>\n<p><\/p>\n<p><span style=\"color: #000000;\"><span style=\"font-weight: 400;\">Fecha de \u00faltima actualizaci\u00f3n: <\/span><b>1 de enero de 2024<\/b><\/span><\/p>\n<p><span style=\"font-weight: 400; color: #000000;\">Para cualquier duda o informaci\u00f3n adicional respecto a este Aviso de Privacidad, puede contactarnos en:<\/span><\/p>\n<p><span style=\"color: #000000;\"><span style=\"font-weight: 400;\">Terapia de Hipertermia Superior A.C.<br><\/span><span style=\"font-weight: 400;\">Calle Montecito #38, Piso 10 Oficina 32<br><\/span><span style=\"font-weight: 400;\">Colonia N\u00e1poles, Benito Ju\u00e1rez<br><\/span><span style=\"font-weight: 400;\">Ciudad de M\u00e9xico, CP 03819<br><\/span><span style=\"font-weight: 400;\">Tel\u00e9fono: 5511172596<br><\/span><span style=\"font-weight: 400;\">Correo electr\u00f3nico: info@hipertermiaclinica.com<br><\/span><span style=\"font-weight: 400;\">___<\/span><\/span><\/p>\n<p><span style=\"font-weight: 400; color: #000000;\">Este aviso cumple con las disposiciones de la Ley Federal de Protecci\u00f3n de Datos Personales en Posesi\u00f3n de los Particulares y dem\u00e1s normatividad aplicable en M\u00e9xico.<\/span><\/p>\n<h3>&nbsp;<\/h3>\t\t\t\t\t\t\t\t<\/div>\n\t\t\t\t<\/div>\n\t\t\t\t\t<\/div>\n\t\t\t\t<\/div>\n\t\t\t\t<\/div>","protected":false},"excerpt":{"rendered":"<p>Pol\u00edticas y Aviso de privacidad Identidad y Domicilio del Responsable Terapia de Hipertermia Superior A.C., con domicilio en Calle Montecito #38, Piso 10 Oficina 32, Colonia N\u00e1poles, Benito Ju\u00e1rez, Ciudad de M\u00e9xico, CP 03819, es responsable del tratamiento de sus datos personales conforme a lo dispuesto por la Ley Federal de Protecci\u00f3n de Datos Personales [&hellip;]<\/p>","protected":false},"author":1,"featured_media":0,"parent":0,"menu_order":0,"comment_status":"closed","ping_status":"closed","template":"","meta":{"footnotes":""},"class_list":["post-3","page","type-page","status-publish","hentry"],"_links":{"self":[{"href":"https:\/\/hipertermiaclinica.com\/en\/wp-json\/wp\/v2\/pages\/3","targetHints":{"allow":["GET"]}}],"collection":[{"href":"https:\/\/hipertermiaclinica.com\/en\/wp-json\/wp\/v2\/pages"}],"about":[{"href":"https:\/\/hipertermiaclinica.com\/en\/wp-json\/wp\/v2\/types\/page"}],"author":[{"embeddable":true,"href":"https:\/\/hipertermiaclinica.com\/en\/wp-json\/wp\/v2\/users\/1"}],"replies":[{"embeddable":true,"href":"https:\/\/hipertermiaclinica.com\/en\/wp-json\/wp\/v2\/comments?post=3"}],"version-history":[{"count":67,"href":"https:\/\/hipertermiaclinica.com\/en\/wp-json\/wp\/v2\/pages\/3\/revisions"}],"predecessor-version":[{"id":3882,"href":"https:\/\/hipertermiaclinica.com\/en\/wp-json\/wp\/v2\/pages\/3\/revisions\/3882"}],"wp:attachment":[{"href":"https:\/\/hipertermiaclinica.com\/en\/wp-json\/wp\/v2\/media?parent=3"}],"curies":[{"name":"wp","href":"https:\/\/api.w.org\/{rel}","templated":true}]}}